{"id":1005,"date":"2020-05-05T18:26:15","date_gmt":"2020-05-05T16:26:15","guid":{"rendered":"https:\/\/www.rainerbrand.de\/shop\/?post_type=product&#038;p=1005"},"modified":"2025-05-05T18:18:10","modified_gmt":"2025-05-05T16:18:10","slug":"uhrenetui-rund","status":"publish","type":"product","link":"https:\/\/www.rainerbrand.de\/shop\/produkte\/zubehoer\/uhrenetui-rund\/","title":{"rendered":"Uhrenetui rund"},"content":{"rendered":"\t<section class=\"section\" id=\"section_87186871\">\n\t\t<div class=\"bg section-bg fill bg-fill  bg-loaded\" >\n\n\t\t\t\n\t\t\t\n\t\t\t\n\n\t\t<\/div>\n\n\t\t\n\n\t\t<div class=\"section-content relative\">\n\t\t\t\n<div class=\"row\"  id=\"row-1316393756\">\n\n\t<div id=\"col-1132340018\" class=\"col image-with-label medium-6 small-12 large-6\"  >\n\t\t\t\t<div class=\"col-inner\"  >\n\t\t\t\n\t\t\t\n\t<div class=\"img has-hover cover x md-x lg-x y md-y lg-y\" id=\"image_737816413\">\n\t\t<a class=\"image-lightbox lightbox-gallery\" title=\"\" href=\"https:\/\/www.rainerbrand.de\/shop\/wp-content\/uploads\/Impression-EtuiRB-Etui-rund-2.jpg\">\t\t\t\t\t\t<div class=\"img-inner image-zoom dark\" >\n\t\t\t<img width=\"1600\" height=\"1100\" src=\"https:\/\/www.rainerbrand.de\/shop\/wp-content\/uploads\/Impression-EtuiRB-Etui-rund-2.jpg\" class=\"attachment-original size-original\" alt=\"\" decoding=\"async\" loading=\"lazy\" srcset=\"https:\/\/www.rainerbrand.de\/shop\/wp-content\/uploads\/Impression-EtuiRB-Etui-rund-2.jpg 1600w, https:\/\/www.rainerbrand.de\/shop\/wp-content\/uploads\/Impression-EtuiRB-Etui-rund-2-1200x825.jpg 1200w, https:\/\/www.rainerbrand.de\/shop\/wp-content\/uploads\/Impression-EtuiRB-Etui-rund-2-600x413.jpg 600w, https:\/\/www.rainerbrand.de\/shop\/wp-content\/uploads\/Impression-EtuiRB-Etui-rund-2-768x528.jpg 768w, https:\/\/www.rainerbrand.de\/shop\/wp-content\/uploads\/Impression-EtuiRB-Etui-rund-2-1536x1056.jpg 1536w\" sizes=\"(max-width: 1600px) 100vw, 1600px\" \/>\t\t\t\t\t\t\n\t\t\t\t\t<\/div>\n\t\t\t\t\t\t<\/a>\t\t\n<style>\n#image_737816413 {\n  width: 100%;\n}\n<\/style>\n\t<\/div>\n\t\n<p>Uhrenetui rund<\/p>\n\t\t<\/div>\n\t\t\t\t\t<\/div>\n\n\t\n\n\t<div id=\"col-1332757379\" class=\"col image-with-label medium-6 small-12 large-6\"  >\n\t\t\t\t<div class=\"col-inner\"  >\n\t\t\t\n\t\t\t\n\t<div class=\"img has-hover cover x md-x lg-x y md-y lg-y\" id=\"image_100976352\">\n\t\t<a class=\"image-lightbox lightbox-gallery\" title=\"\" href=\"https:\/\/www.rainerbrand.de\/shop\/wp-content\/uploads\/Impression-EtuiRB-Etui-rund.jpg\">\t\t\t\t\t\t<div class=\"img-inner image-zoom dark\" >\n\t\t\t<img width=\"1600\" height=\"1100\" src=\"https:\/\/www.rainerbrand.de\/shop\/wp-content\/uploads\/Impression-EtuiRB-Etui-rund.jpg\" class=\"attachment-original size-original\" alt=\"\" decoding=\"async\" loading=\"lazy\" srcset=\"https:\/\/www.rainerbrand.de\/shop\/wp-content\/uploads\/Impression-EtuiRB-Etui-rund.jpg 1600w, https:\/\/www.rainerbrand.de\/shop\/wp-content\/uploads\/Impression-EtuiRB-Etui-rund-1200x825.jpg 1200w, https:\/\/www.rainerbrand.de\/shop\/wp-content\/uploads\/Impression-EtuiRB-Etui-rund-600x413.jpg 600w, https:\/\/www.rainerbrand.de\/shop\/wp-content\/uploads\/Impression-EtuiRB-Etui-rund-768x528.jpg 768w, https:\/\/www.rainerbrand.de\/shop\/wp-content\/uploads\/Impression-EtuiRB-Etui-rund-1536x1056.jpg 1536w\" sizes=\"(max-width: 1600px) 100vw, 1600px\" \/>\t\t\t\t\t\t\n\t\t\t\t\t<\/div>\n\t\t\t\t\t\t<\/a>\t\t\n<style>\n#image_100976352 {\n  width: 100%;\n}\n<\/style>\n\t<\/div>\n\t\n<p>Uhrenetui rund<\/p>\n\t\t<\/div>\n\t\t\t\t\t<\/div>\n\n\t\n<\/div>\n\t\t<\/div>\n\n\t\t\n<style>\n#section_87186871 {\n  padding-top: 30px;\n  padding-bottom: 30px;\n}\n<\/style>\n\t<\/section>\n\t\n<p>Unser schwarzes Etui aus Leder bietet unseren Uhren und auch anderen Schmuckst\u00fccken ein wohliges Zuhause, wenn diese gerade nicht an Ihrem Arm sein d\u00fcrfen. Das sch\u00f6ne Etui wird f\u00fcr Sie, so hat man uns versprochen, in Handarbeit und mit viel Liebe, in Annaberg-Buchholz gefertigt.<\/p>\n<p>Uhrenetui rund<br \/>\nLederbox<br \/>\nf\u00fcr eine Uhr<\/p>\n\t<div id=\"gap-1706164873\" class=\"gap-element clearfix\" style=\"display:block; height:auto;\">\n\t\t\n<style>\n#gap-1706164873 {\n  padding-top: 50px;\n}\n<\/style>\n\t<\/div>\n\t\n<h2>\u00c4hnliche Artikel<\/h2>\n\t\n  \n    <div class=\"row large-columns-6 medium-columns-3 small-columns-2 row-small slider row-slider slider-nav-simple slider-nav-outside slider-nav-push\"  data-flickity-options='{\"imagesLoaded\": true, \"groupCells\": \"100%\", \"dragThreshold\" : 5, \"cellAlign\": \"left\",\"wrapAround\": true,\"prevNextButtons\": true,\"percentPosition\": true,\"pageDots\": true, \"rightToLeft\": false, \"autoPlay\" : false}' >\n\n  \n\t     <div class=\"col\" >\n\t\t\t\t\t\t<div class=\"col-inner\">\n\t\t\t\t\t\t\n<div class=\"badge-container absolute left top z-1\">\n\n<\/div>\n\t\t\t\t\t\t<div class=\"product-small box has-hover box-normal box-text-bottom\">\n\t\t\t\t\t\t\t<div class=\"box-image\" >\n\t\t\t\t\t\t\t\t<div class=\"image-cover\" style=\"padding-top:150%;\">\n\t\t\t\t\t\t\t\t\t<a href=\"https:\/\/www.rainerbrand.de\/shop\/produkte\/zubehoer\/gravur-auf-gehaeuseboden\/\" aria-label=\"Gravur auf Geh\u00e4useboden\">\n\t\t\t\t\t\t\t\t\t\t<img width=\"1200\" height=\"1292\" src=\"https:\/\/www.rainerbrand.de\/shop\/wp-content\/uploads\/Gravur-SW-1200x1292.jpg\" class=\"attachment-woocommerce_thumbnail size-woocommerce_thumbnail\" alt=\"\" decoding=\"async\" loading=\"lazy\" srcset=\"https:\/\/www.rainerbrand.de\/shop\/wp-content\/uploads\/Gravur-SW-1200x1292.jpg 1200w, https:\/\/www.rainerbrand.de\/shop\/wp-content\/uploads\/Gravur-SW-557x600.jpg 557w, https:\/\/www.rainerbrand.de\/shop\/wp-content\/uploads\/Gravur-SW-1486x1600.jpg 1486w, https:\/\/www.rainerbrand.de\/shop\/wp-content\/uploads\/Gravur-SW-768x827.jpg 768w, https:\/\/www.rainerbrand.de\/shop\/wp-content\/uploads\/Gravur-SW-1426x1536.jpg 1426w, https:\/\/www.rainerbrand.de\/shop\/wp-content\/uploads\/Gravur-SW.jpg 1600w\" sizes=\"(max-width: 1200px) 100vw, 1200px\" \/>\t\t\t\t\t\t\t\t\t<\/a>\n\t\t\t\t\t\t\t\t\t\t\t\t\t\t\t\t\t\t \t\t\t\t\t\t\t\t<\/div>\n\t\t\t\t\t\t\t\t<div class=\"image-tools top right show-on-hover\">\n\t\t\t\t\t\t\t\t\t\t\t\t\t\t\t\t\t<\/div>\n\t\t\t\t\t\t\t\t\t\t\t\t\t\t\t\t\t<div class=\"image-tools grid-tools text-center hide-for-small bottom hover-slide-in show-on-hover\">\n\t\t\t\t\t\t\t\t\t\t\t\t\t\t\t\t\t\t\t<\/div>\n\t\t\t\t\t\t\t\t\t\t\t\t\t\t\t\t\t\t\t\t\t\t\t<\/div>\n\n\t\t\t\t\t\t\t<div class=\"box-text text-center\" >\n\t\t\t\t\t\t\t\t<div class=\"title-wrapper\"><\/div><div class=\"price-wrapper\">\n\n\n<\/div>\t\t\t\t\t\t\t<\/div>\n\t\t\t\t\t\t<\/div>\n\t\t\t\t\t\t<\/div>\n\t\t\t\t\t<\/div><div class=\"col\" >\n\t\t\t\t\t\t<div class=\"col-inner\">\n\t\t\t\t\t\t\n<div class=\"badge-container absolute left top z-1\">\n\n<\/div>\n\t\t\t\t\t\t<div class=\"product-small box has-hover box-normal box-text-bottom\">\n\t\t\t\t\t\t\t<div class=\"box-image\" >\n\t\t\t\t\t\t\t\t<div class=\"image-cover\" style=\"padding-top:150%;\">\n\t\t\t\t\t\t\t\t\t<a href=\"https:\/\/www.rainerbrand.de\/shop\/produkte\/zubehoer\/uhrenetui-rund\/\" aria-label=\"Uhrenetui rund\">\n\t\t\t\t\t\t\t\t\t\t<img width=\"1200\" height=\"1292\" src=\"https:\/\/www.rainerbrand.de\/shop\/wp-content\/uploads\/Uhrenetui-rund-zoom-1200x1292.jpg\" class=\"show-on-hover absolute fill hide-for-small back-image\" alt=\"\" decoding=\"async\" loading=\"lazy\" srcset=\"https:\/\/www.rainerbrand.de\/shop\/wp-content\/uploads\/Uhrenetui-rund-zoom-1200x1292.jpg 1200w, https:\/\/www.rainerbrand.de\/shop\/wp-content\/uploads\/Uhrenetui-rund-zoom-557x600.jpg 557w, https:\/\/www.rainerbrand.de\/shop\/wp-content\/uploads\/Uhrenetui-rund-zoom-1486x1600.jpg 1486w, https:\/\/www.rainerbrand.de\/shop\/wp-content\/uploads\/Uhrenetui-rund-zoom-768x827.jpg 768w, https:\/\/www.rainerbrand.de\/shop\/wp-content\/uploads\/Uhrenetui-rund-zoom-1426x1536.jpg 1426w, https:\/\/www.rainerbrand.de\/shop\/wp-content\/uploads\/Uhrenetui-rund-zoom.jpg 1600w\" sizes=\"(max-width: 1200px) 100vw, 1200px\" \/><img width=\"1200\" height=\"1292\" src=\"https:\/\/www.rainerbrand.de\/shop\/wp-content\/uploads\/Uhrenetui-rund-1200x1292.jpg\" class=\"attachment-woocommerce_thumbnail size-woocommerce_thumbnail\" alt=\"\" decoding=\"async\" loading=\"lazy\" srcset=\"https:\/\/www.rainerbrand.de\/shop\/wp-content\/uploads\/Uhrenetui-rund-1200x1292.jpg 1200w, https:\/\/www.rainerbrand.de\/shop\/wp-content\/uploads\/Uhrenetui-rund-557x600.jpg 557w, https:\/\/www.rainerbrand.de\/shop\/wp-content\/uploads\/Uhrenetui-rund-1486x1600.jpg 1486w, https:\/\/www.rainerbrand.de\/shop\/wp-content\/uploads\/Uhrenetui-rund-768x827.jpg 768w, https:\/\/www.rainerbrand.de\/shop\/wp-content\/uploads\/Uhrenetui-rund-1426x1536.jpg 1426w, https:\/\/www.rainerbrand.de\/shop\/wp-content\/uploads\/Uhrenetui-rund.jpg 1600w\" sizes=\"(max-width: 1200px) 100vw, 1200px\" \/>\t\t\t\t\t\t\t\t\t<\/a>\n\t\t\t\t\t\t\t\t\t\t\t\t\t\t\t\t\t\t \t\t\t\t\t\t\t\t<\/div>\n\t\t\t\t\t\t\t\t<div class=\"image-tools top right show-on-hover\">\n\t\t\t\t\t\t\t\t\t\t\t\t\t\t\t\t\t<\/div>\n\t\t\t\t\t\t\t\t\t\t\t\t\t\t\t\t\t<div class=\"image-tools grid-tools text-center hide-for-small bottom hover-slide-in show-on-hover\">\n\t\t\t\t\t\t\t\t\t\t\t\t\t\t\t\t\t\t\t<\/div>\n\t\t\t\t\t\t\t\t\t\t\t\t\t\t\t\t\t\t\t\t\t\t\t<\/div>\n\n\t\t\t\t\t\t\t<div class=\"box-text text-center\" >\n\t\t\t\t\t\t\t\t<div class=\"title-wrapper\"><\/div><div class=\"price-wrapper\">\n\n\n<\/div>\t\t\t\t\t\t\t<\/div>\n\t\t\t\t\t\t<\/div>\n\t\t\t\t\t\t<\/div>\n\t\t\t\t\t<\/div><div class=\"col\" >\n\t\t\t\t\t\t<div class=\"col-inner\">\n\t\t\t\t\t\t\n<div class=\"badge-container absolute left top z-1\">\n\n<\/div>\n\t\t\t\t\t\t<div class=\"product-small box has-hover box-normal box-text-bottom\">\n\t\t\t\t\t\t\t<div class=\"box-image\" >\n\t\t\t\t\t\t\t\t<div class=\"image-cover\" style=\"padding-top:150%;\">\n\t\t\t\t\t\t\t\t\t<a href=\"https:\/\/www.rainerbrand.de\/shop\/produkte\/zubehoer\/sonderanfertigung-zifferblatt-nach-kundenwunsch\/\" aria-label=\"Sonderanfertigung: Zifferblatt nach Kundenwunsch\">\n\t\t\t\t\t\t\t\t\t\t<img width=\"1200\" height=\"1292\" src=\"https:\/\/www.rainerbrand.de\/shop\/wp-content\/uploads\/SAF-ZB-Zifferblatt-nach-Kundenwunsch-3-1200x1292.jpg\" class=\"attachment-woocommerce_thumbnail size-woocommerce_thumbnail\" alt=\"\" decoding=\"async\" loading=\"lazy\" srcset=\"https:\/\/www.rainerbrand.de\/shop\/wp-content\/uploads\/SAF-ZB-Zifferblatt-nach-Kundenwunsch-3-1200x1292.jpg 1200w, https:\/\/www.rainerbrand.de\/shop\/wp-content\/uploads\/SAF-ZB-Zifferblatt-nach-Kundenwunsch-3-557x600.jpg 557w, https:\/\/www.rainerbrand.de\/shop\/wp-content\/uploads\/SAF-ZB-Zifferblatt-nach-Kundenwunsch-3-1486x1600.jpg 1486w, https:\/\/www.rainerbrand.de\/shop\/wp-content\/uploads\/SAF-ZB-Zifferblatt-nach-Kundenwunsch-3-768x827.jpg 768w, https:\/\/www.rainerbrand.de\/shop\/wp-content\/uploads\/SAF-ZB-Zifferblatt-nach-Kundenwunsch-3-1426x1536.jpg 1426w, https:\/\/www.rainerbrand.de\/shop\/wp-content\/uploads\/SAF-ZB-Zifferblatt-nach-Kundenwunsch-3.jpg 1600w\" sizes=\"(max-width: 1200px) 100vw, 1200px\" \/>\t\t\t\t\t\t\t\t\t<\/a>\n\t\t\t\t\t\t\t\t\t\t\t\t\t\t\t\t\t\t \t\t\t\t\t\t\t\t<\/div>\n\t\t\t\t\t\t\t\t<div class=\"image-tools top right show-on-hover\">\n\t\t\t\t\t\t\t\t\t\t\t\t\t\t\t\t\t<\/div>\n\t\t\t\t\t\t\t\t\t\t\t\t\t\t\t\t\t<div class=\"image-tools grid-tools text-center hide-for-small bottom hover-slide-in show-on-hover\">\n\t\t\t\t\t\t\t\t\t\t\t\t\t\t\t\t\t\t\t<\/div>\n\t\t\t\t\t\t\t\t\t\t\t\t\t\t\t\t\t\t\t\t\t\t\t<\/div>\n\n\t\t\t\t\t\t\t<div class=\"box-text text-center\" >\n\t\t\t\t\t\t\t\t<div class=\"title-wrapper\"><\/div><div class=\"price-wrapper\">\n\n\n<\/div>\t\t\t\t\t\t\t<\/div>\n\t\t\t\t\t\t<\/div>\n\t\t\t\t\t\t<\/div>\n\t\t\t\t\t<\/div><div class=\"col\" >\n\t\t\t\t\t\t<div class=\"col-inner\">\n\t\t\t\t\t\t\n<div class=\"badge-container absolute left top z-1\">\n\n<\/div>\n\t\t\t\t\t\t<div class=\"product-small box has-hover box-normal box-text-bottom\">\n\t\t\t\t\t\t\t<div class=\"box-image\" >\n\t\t\t\t\t\t\t\t<div class=\"image-cover\" style=\"padding-top:150%;\">\n\t\t\t\t\t\t\t\t\t<a href=\"https:\/\/www.rainerbrand.de\/shop\/produkte\/zubehoer\/faltschliesse-edelstahl\/\" aria-label=\"Faltschlie\u00dfe Edelstahl\">\n\t\t\t\t\t\t\t\t\t\t<img width=\"847\" height=\"847\" src=\"https:\/\/www.rainerbrand.de\/shop\/wp-content\/uploads\/Uhren-Shop-Armband-Faltschliesse-B2-zoom-2.jpg\" class=\"show-on-hover absolute fill hide-for-small back-image\" alt=\"\" decoding=\"async\" loading=\"lazy\" srcset=\"https:\/\/www.rainerbrand.de\/shop\/wp-content\/uploads\/Uhren-Shop-Armband-Faltschliesse-B2-zoom-2.jpg 847w, https:\/\/www.rainerbrand.de\/shop\/wp-content\/uploads\/Uhren-Shop-Armband-Faltschliesse-B2-zoom-2-100x100.jpg 100w, https:\/\/www.rainerbrand.de\/shop\/wp-content\/uploads\/Uhren-Shop-Armband-Faltschliesse-B2-zoom-2-600x600.jpg 600w, https:\/\/www.rainerbrand.de\/shop\/wp-content\/uploads\/Uhren-Shop-Armband-Faltschliesse-B2-zoom-2-250x250.jpg 250w, https:\/\/www.rainerbrand.de\/shop\/wp-content\/uploads\/Uhren-Shop-Armband-Faltschliesse-B2-zoom-2-768x768.jpg 768w, https:\/\/www.rainerbrand.de\/shop\/wp-content\/uploads\/Uhren-Shop-Armband-Faltschliesse-B2-zoom-2-60x60.jpg 60w, https:\/\/www.rainerbrand.de\/shop\/wp-content\/uploads\/Uhren-Shop-Armband-Faltschliesse-B2-zoom-2-90x90.jpg 90w\" sizes=\"(max-width: 847px) 100vw, 847px\" \/><img width=\"847\" height=\"847\" src=\"https:\/\/www.rainerbrand.de\/shop\/wp-content\/uploads\/Uhren-Shop-Armband-Faltschliesse-B2-zoom.jpg\" class=\"attachment-woocommerce_thumbnail size-woocommerce_thumbnail\" alt=\"\" decoding=\"async\" loading=\"lazy\" srcset=\"https:\/\/www.rainerbrand.de\/shop\/wp-content\/uploads\/Uhren-Shop-Armband-Faltschliesse-B2-zoom.jpg 847w, https:\/\/www.rainerbrand.de\/shop\/wp-content\/uploads\/Uhren-Shop-Armband-Faltschliesse-B2-zoom-100x100.jpg 100w, https:\/\/www.rainerbrand.de\/shop\/wp-content\/uploads\/Uhren-Shop-Armband-Faltschliesse-B2-zoom-600x600.jpg 600w, https:\/\/www.rainerbrand.de\/shop\/wp-content\/uploads\/Uhren-Shop-Armband-Faltschliesse-B2-zoom-250x250.jpg 250w, https:\/\/www.rainerbrand.de\/shop\/wp-content\/uploads\/Uhren-Shop-Armband-Faltschliesse-B2-zoom-768x768.jpg 768w\" sizes=\"(max-width: 847px) 100vw, 847px\" \/>\t\t\t\t\t\t\t\t\t<\/a>\n\t\t\t\t\t\t\t\t\t\t\t\t\t\t\t\t\t\t \t\t\t\t\t\t\t\t<\/div>\n\t\t\t\t\t\t\t\t<div class=\"image-tools top right show-on-hover\">\n\t\t\t\t\t\t\t\t\t\t\t\t\t\t\t\t\t<\/div>\n\t\t\t\t\t\t\t\t\t\t\t\t\t\t\t\t\t<div class=\"image-tools grid-tools text-center hide-for-small bottom hover-slide-in show-on-hover\">\n\t\t\t\t\t\t\t\t\t\t\t\t\t\t\t\t\t\t\t<\/div>\n\t\t\t\t\t\t\t\t\t\t\t\t\t\t\t\t\t\t\t\t\t\t\t<\/div>\n\n\t\t\t\t\t\t\t<div class=\"box-text text-center\" >\n\t\t\t\t\t\t\t\t<div class=\"title-wrapper\"><\/div><div class=\"price-wrapper\">\n\n\n<\/div>\t\t\t\t\t\t\t<\/div>\n\t\t\t\t\t\t<\/div>\n\t\t\t\t\t\t<\/div>\n\t\t\t\t\t<\/div><div class=\"col\" >\n\t\t\t\t\t\t<div class=\"col-inner\">\n\t\t\t\t\t\t\n<div class=\"badge-container absolute left top z-1\">\n\n<\/div>\n\t\t\t\t\t\t<div class=\"product-small box has-hover box-normal box-text-bottom\">\n\t\t\t\t\t\t\t<div class=\"box-image\" >\n\t\t\t\t\t\t\t\t<div class=\"image-cover\" style=\"padding-top:150%;\">\n\t\t\t\t\t\t\t\t\t<a href=\"https:\/\/www.rainerbrand.de\/shop\/produkte\/zubehoer\/dornschliesse-edelstahl\/\" aria-label=\"Dornschlie\u00dfe Edelstahl\">\n\t\t\t\t\t\t\t\t\t\t<img width=\"1200\" height=\"1292\" src=\"https:\/\/www.rainerbrand.de\/shop\/wp-content\/uploads\/DS16-Dornschliesse-DS-16mm-2-1200x1292.jpg\" class=\"show-on-hover absolute fill hide-for-small back-image\" alt=\"\" decoding=\"async\" loading=\"lazy\" srcset=\"https:\/\/www.rainerbrand.de\/shop\/wp-content\/uploads\/DS16-Dornschliesse-DS-16mm-2-1200x1292.jpg 1200w, https:\/\/www.rainerbrand.de\/shop\/wp-content\/uploads\/DS16-Dornschliesse-DS-16mm-2-557x600.jpg 557w, https:\/\/www.rainerbrand.de\/shop\/wp-content\/uploads\/DS16-Dornschliesse-DS-16mm-2-1486x1600.jpg 1486w, https:\/\/www.rainerbrand.de\/shop\/wp-content\/uploads\/DS16-Dornschliesse-DS-16mm-2-768x827.jpg 768w, https:\/\/www.rainerbrand.de\/shop\/wp-content\/uploads\/DS16-Dornschliesse-DS-16mm-2-1426x1536.jpg 1426w, https:\/\/www.rainerbrand.de\/shop\/wp-content\/uploads\/DS16-Dornschliesse-DS-16mm-2.jpg 1600w\" sizes=\"(max-width: 1200px) 100vw, 1200px\" \/><img width=\"1200\" height=\"1292\" src=\"https:\/\/www.rainerbrand.de\/shop\/wp-content\/uploads\/DS18-Dornschliesse-DS-18mm-2-1200x1292.jpg\" class=\"attachment-woocommerce_thumbnail size-woocommerce_thumbnail\" alt=\"\" decoding=\"async\" loading=\"lazy\" srcset=\"https:\/\/www.rainerbrand.de\/shop\/wp-content\/uploads\/DS18-Dornschliesse-DS-18mm-2-1200x1292.jpg 1200w, https:\/\/www.rainerbrand.de\/shop\/wp-content\/uploads\/DS18-Dornschliesse-DS-18mm-2-557x600.jpg 557w, https:\/\/www.rainerbrand.de\/shop\/wp-content\/uploads\/DS18-Dornschliesse-DS-18mm-2-1486x1600.jpg 1486w, https:\/\/www.rainerbrand.de\/shop\/wp-content\/uploads\/DS18-Dornschliesse-DS-18mm-2-768x827.jpg 768w, https:\/\/www.rainerbrand.de\/shop\/wp-content\/uploads\/DS18-Dornschliesse-DS-18mm-2-1426x1536.jpg 1426w, https:\/\/www.rainerbrand.de\/shop\/wp-content\/uploads\/DS18-Dornschliesse-DS-18mm-2.jpg 1600w\" sizes=\"(max-width: 1200px) 100vw, 1200px\" \/>\t\t\t\t\t\t\t\t\t<\/a>\n\t\t\t\t\t\t\t\t\t\t\t\t\t\t\t\t\t\t \t\t\t\t\t\t\t\t<\/div>\n\t\t\t\t\t\t\t\t<div class=\"image-tools top right show-on-hover\">\n\t\t\t\t\t\t\t\t\t\t\t\t\t\t\t\t\t<\/div>\n\t\t\t\t\t\t\t\t\t\t\t\t\t\t\t\t\t<div class=\"image-tools grid-tools text-center hide-for-small bottom hover-slide-in show-on-hover\">\n\t\t\t\t\t\t\t\t\t\t\t\t\t\t\t\t\t\t\t<\/div>\n\t\t\t\t\t\t\t\t\t\t\t\t\t\t\t\t\t\t\t\t\t\t\t<\/div>\n\n\t\t\t\t\t\t\t<div class=\"box-text text-center\" >\n\t\t\t\t\t\t\t\t<div class=\"title-wrapper\"><\/div><div class=\"price-wrapper\">\n\n\n<\/div>\t\t\t\t\t\t\t<\/div>\n\t\t\t\t\t\t<\/div>\n\t\t\t\t\t\t<\/div>\n\t\t\t\t\t<\/div><div class=\"col\" >\n\t\t\t\t\t\t<div class=\"col-inner\">\n\t\t\t\t\t\t\n<div class=\"badge-container absolute left top z-1\">\n\n<\/div>\n\t\t\t\t\t\t<div class=\"product-small box has-hover box-normal box-text-bottom\">\n\t\t\t\t\t\t\t<div class=\"box-image\" >\n\t\t\t\t\t\t\t\t<div class=\"image-cover\" style=\"padding-top:150%;\">\n\t\t\t\t\t\t\t\t\t<a href=\"https:\/\/www.rainerbrand.de\/shop\/produkte\/zubehoer\/federstegwerkzeug\/\" aria-label=\"Federstegwerkzeug\">\n\t\t\t\t\t\t\t\t\t\t<img width=\"1200\" height=\"1292\" src=\"https:\/\/www.rainerbrand.de\/shop\/wp-content\/uploads\/Federstegwerkzeug-detail-1200x1292.jpg\" class=\"show-on-hover absolute fill hide-for-small back-image\" alt=\"\" decoding=\"async\" loading=\"lazy\" srcset=\"https:\/\/www.rainerbrand.de\/shop\/wp-content\/uploads\/Federstegwerkzeug-detail-1200x1292.jpg 1200w, https:\/\/www.rainerbrand.de\/shop\/wp-content\/uploads\/Federstegwerkzeug-detail-557x600.jpg 557w, https:\/\/www.rainerbrand.de\/shop\/wp-content\/uploads\/Federstegwerkzeug-detail-1486x1600.jpg 1486w, https:\/\/www.rainerbrand.de\/shop\/wp-content\/uploads\/Federstegwerkzeug-detail-768x827.jpg 768w, https:\/\/www.rainerbrand.de\/shop\/wp-content\/uploads\/Federstegwerkzeug-detail-1426x1536.jpg 1426w, https:\/\/www.rainerbrand.de\/shop\/wp-content\/uploads\/Federstegwerkzeug-detail.jpg 1600w\" sizes=\"(max-width: 1200px) 100vw, 1200px\" \/><img width=\"1200\" height=\"1292\" src=\"https:\/\/www.rainerbrand.de\/shop\/wp-content\/uploads\/Federstegwerkzeug-1200x1292.jpg\" class=\"attachment-woocommerce_thumbnail size-woocommerce_thumbnail\" alt=\"\" decoding=\"async\" loading=\"lazy\" srcset=\"https:\/\/www.rainerbrand.de\/shop\/wp-content\/uploads\/Federstegwerkzeug-1200x1292.jpg 1200w, https:\/\/www.rainerbrand.de\/shop\/wp-content\/uploads\/Federstegwerkzeug-557x600.jpg 557w, https:\/\/www.rainerbrand.de\/shop\/wp-content\/uploads\/Federstegwerkzeug-1486x1600.jpg 1486w, https:\/\/www.rainerbrand.de\/shop\/wp-content\/uploads\/Federstegwerkzeug-768x827.jpg 768w, https:\/\/www.rainerbrand.de\/shop\/wp-content\/uploads\/Federstegwerkzeug-1426x1536.jpg 1426w, https:\/\/www.rainerbrand.de\/shop\/wp-content\/uploads\/Federstegwerkzeug.jpg 1600w\" sizes=\"(max-width: 1200px) 100vw, 1200px\" \/>\t\t\t\t\t\t\t\t\t<\/a>\n\t\t\t\t\t\t\t\t\t\t\t\t\t\t\t\t\t\t \t\t\t\t\t\t\t\t<\/div>\n\t\t\t\t\t\t\t\t<div class=\"image-tools top right show-on-hover\">\n\t\t\t\t\t\t\t\t\t\t\t\t\t\t\t\t\t<\/div>\n\t\t\t\t\t\t\t\t\t\t\t\t\t\t\t\t\t<div class=\"image-tools grid-tools text-center hide-for-small bottom hover-slide-in show-on-hover\">\n\t\t\t\t\t\t\t\t\t\t\t\t\t\t\t\t\t\t\t<\/div>\n\t\t\t\t\t\t\t\t\t\t\t\t\t\t\t\t\t\t\t\t\t\t\t<\/div>\n\n\t\t\t\t\t\t\t<div class=\"box-text text-center\" >\n\t\t\t\t\t\t\t\t<div class=\"title-wrapper\"><\/div><div class=\"price-wrapper\">\n\n\n<\/div>\t\t\t\t\t\t\t<\/div>\n\t\t\t\t\t\t<\/div>\n\t\t\t\t\t\t<\/div>\n\t\t\t\t\t<\/div><div class=\"col\" >\n\t\t\t\t\t\t<div class=\"col-inner\">\n\t\t\t\t\t\t\n<div class=\"badge-container absolute left top z-1\">\n\n<\/div>\n\t\t\t\t\t\t<div class=\"product-small box has-hover box-normal box-text-bottom\">\n\t\t\t\t\t\t\t<div class=\"box-image\" >\n\t\t\t\t\t\t\t\t<div class=\"image-cover\" style=\"padding-top:150%;\">\n\t\t\t\t\t\t\t\t\t<a href=\"https:\/\/www.rainerbrand.de\/shop\/produkte\/zubehoer\/schraubendreher\/\" aria-label=\"Schraubendreher\">\n\t\t\t\t\t\t\t\t\t\t<img width=\"1200\" height=\"1292\" src=\"https:\/\/www.rainerbrand.de\/shop\/wp-content\/uploads\/WSD-Schraubendreher-3-1200x1292.jpg\" class=\"show-on-hover absolute fill hide-for-small back-image\" alt=\"\" decoding=\"async\" loading=\"lazy\" srcset=\"https:\/\/www.rainerbrand.de\/shop\/wp-content\/uploads\/WSD-Schraubendreher-3-1200x1292.jpg 1200w, https:\/\/www.rainerbrand.de\/shop\/wp-content\/uploads\/WSD-Schraubendreher-3-557x600.jpg 557w, https:\/\/www.rainerbrand.de\/shop\/wp-content\/uploads\/WSD-Schraubendreher-3-1486x1600.jpg 1486w, https:\/\/www.rainerbrand.de\/shop\/wp-content\/uploads\/WSD-Schraubendreher-3-768x827.jpg 768w, https:\/\/www.rainerbrand.de\/shop\/wp-content\/uploads\/WSD-Schraubendreher-3-1426x1536.jpg 1426w, https:\/\/www.rainerbrand.de\/shop\/wp-content\/uploads\/WSD-Schraubendreher-3.jpg 1600w\" sizes=\"(max-width: 1200px) 100vw, 1200px\" \/><img width=\"1200\" height=\"1292\" src=\"https:\/\/www.rainerbrand.de\/shop\/wp-content\/uploads\/111n-Schraubendreher-2-1200x1292.jpg\" class=\"attachment-woocommerce_thumbnail size-woocommerce_thumbnail\" alt=\"\" decoding=\"async\" loading=\"lazy\" srcset=\"https:\/\/www.rainerbrand.de\/shop\/wp-content\/uploads\/111n-Schraubendreher-2-1200x1292.jpg 1200w, https:\/\/www.rainerbrand.de\/shop\/wp-content\/uploads\/111n-Schraubendreher-2-557x600.jpg 557w, https:\/\/www.rainerbrand.de\/shop\/wp-content\/uploads\/111n-Schraubendreher-2-1486x1600.jpg 1486w, https:\/\/www.rainerbrand.de\/shop\/wp-content\/uploads\/111n-Schraubendreher-2-768x827.jpg 768w, https:\/\/www.rainerbrand.de\/shop\/wp-content\/uploads\/111n-Schraubendreher-2-1426x1536.jpg 1426w, https:\/\/www.rainerbrand.de\/shop\/wp-content\/uploads\/111n-Schraubendreher-2.jpg 1600w\" sizes=\"(max-width: 1200px) 100vw, 1200px\" \/>\t\t\t\t\t\t\t\t\t<\/a>\n\t\t\t\t\t\t\t\t\t\t\t\t\t\t\t\t\t\t \t\t\t\t\t\t\t\t<\/div>\n\t\t\t\t\t\t\t\t<div class=\"image-tools top right show-on-hover\">\n\t\t\t\t\t\t\t\t\t\t\t\t\t\t\t\t\t<\/div>\n\t\t\t\t\t\t\t\t\t\t\t\t\t\t\t\t\t<div class=\"image-tools grid-tools text-center hide-for-small bottom hover-slide-in show-on-hover\">\n\t\t\t\t\t\t\t\t\t\t\t\t\t\t\t\t\t\t\t<\/div>\n\t\t\t\t\t\t\t\t\t\t\t\t\t\t\t\t\t\t\t\t\t\t\t<\/div>\n\n\t\t\t\t\t\t\t<div class=\"box-text text-center\" >\n\t\t\t\t\t\t\t\t<div class=\"title-wrapper\"><\/div><div class=\"price-wrapper\">\n\n\n<\/div>\t\t\t\t\t\t\t<\/div>\n\t\t\t\t\t\t<\/div>\n\t\t\t\t\t\t<\/div>\n\t\t\t\t\t<\/div><\/div>\n","protected":false},"excerpt":{"rendered":"<p>Unser schwarzes Etui aus Leder bietet unseren Uhren und auch anderen Schmuckst\u00fccken ein wohliges Zuhause, wenn diese gerade nicht an Ihrem Arm sein d\u00fcrfen. Das sch\u00f6ne Etui wird f\u00fcr Sie, so hat man uns versprochen, in Handarbeit und mit viel Liebe, in Annaberg-Buchholz gefertigt.<\/p>\n<p>Uhrenetui rund<br \/>\nLederbox<br \/>\nf\u00fcr eine Uhr<\/p>\n","protected":false},"featured_media":1002,"template":"","meta":[],"product_cat":[44],"product_tag":[],"_links":{"self":[{"href":"https:\/\/www.rainerbrand.de\/shop\/wp-json\/wp\/v2\/product\/1005"}],"collection":[{"href":"https:\/\/www.rainerbrand.de\/shop\/wp-json\/wp\/v2\/product"}],"about":[{"href":"https:\/\/www.rainerbrand.de\/shop\/wp-json\/wp\/v2\/types\/product"}],"wp:featuredmedia":[{"embeddable":true,"href":"https:\/\/www.rainerbrand.de\/shop\/wp-json\/wp\/v2\/media\/1002"}],"wp:attachment":[{"href":"https:\/\/www.rainerbrand.de\/shop\/wp-json\/wp\/v2\/media?parent=1005"}],"wp:term":[{"taxonomy":"product_cat","embeddable":true,"href":"https:\/\/www.rainerbrand.de\/shop\/wp-json\/wp\/v2\/product_cat?post=1005"},{"taxonomy":"product_tag","embeddable":true,"href":"https:\/\/www.rainerbrand.de\/shop\/wp-json\/wp\/v2\/product_tag?post=1005"}],"curies":[{"name":"wp","href":"https:\/\/api.w.org\/{rel}","templated":true}]}}