{"id":1022,"date":"2020-05-05T22:44:05","date_gmt":"2020-05-05T20:44:05","guid":{"rendered":"https:\/\/www.rainerbrand.de\/shop\/?post_type=product&#038;p=1022"},"modified":"2020-06-09T12:34:58","modified_gmt":"2020-06-09T10:34:58","slug":"geschenkgutschein","status":"publish","type":"product","link":"https:\/\/www.rainerbrand.de\/shop\/produkte\/zubehoer\/geschenkgutschein\/","title":{"rendered":"Geschenkgutschein"},"content":{"rendered":"<p><strong>Form, Funktion. Und Freude.<\/strong><\/p>\n<p>Die richtige Uhr erfreut ihren Tr\u00e4ger bei jedem Blick auf die Zeit und weist ihn als Kenner einer erlesenen Handwerkskunst aus. Denn ein hochwertiger Zeitmesser ist zugleich ein meisterhaft gefertigtes Schmuckst\u00fcck.<\/p>\n<p>Mit Bedacht gew\u00e4hlter Schmuck kann ein sch\u00f6nes Geschenk an sich selbst sein, wie auch eine wunderbare Art, Zuneigung zu einem anderen Menschen auszudr\u00fccken.<\/p>\n<p>Die Abbildung einer Uhr dient hier dem besseren Verst\u00e4ndnis und ist nicht im Lieferumfang enthalten.<\/p>\n\t<div id=\"gap-426397614\" class=\"gap-element clearfix\" style=\"display:block; height:auto;\">\n\t\t\n<style>\n#gap-426397614 {\n  padding-top: 50px;\n}\n<\/style>\n\t<\/div>\n\t\n<h2>\u00c4hnliche Artikel<\/h2>\n\t\n  \n    <div class=\"row large-columns-6 medium-columns-3 small-columns-2 row-small slider row-slider slider-nav-simple slider-nav-outside slider-nav-push\"  data-flickity-options='{\"imagesLoaded\": true, \"groupCells\": \"100%\", \"dragThreshold\" : 5, \"cellAlign\": \"left\",\"wrapAround\": true,\"prevNextButtons\": true,\"percentPosition\": true,\"pageDots\": true, \"rightToLeft\": false, \"autoPlay\" : false}' >\n\n  \n\t     <div class=\"col\" >\n\t\t\t\t\t\t<div class=\"col-inner\">\n\t\t\t\t\t\t\n<div class=\"badge-container absolute left top z-1\">\n<div class=\"callout badge badge-frame\"><div class=\"badge-inner secondary on-sale\"><span class=\"onsale\">Angebot!<\/span><\/div><\/div>\n<\/div>\n\t\t\t\t\t\t<div class=\"product-small box has-hover box-normal box-text-bottom\">\n\t\t\t\t\t\t\t<div class=\"box-image\" >\n\t\t\t\t\t\t\t\t<div class=\"image-cover\" style=\"padding-top:150%;\">\n\t\t\t\t\t\t\t\t\t<a href=\"https:\/\/www.rainerbrand.de\/shop\/produkte\/zubehoer\/angebot-wasserdichtheitstest-lederband-nach-wunsch\/\" aria-label=\"Angebot: Wasserdichtheitstest + Lederband nach Wunsch\">\n\t\t\t\t\t\t\t\t\t\t<img width=\"1200\" height=\"1292\" src=\"https:\/\/www.rainerbrand.de\/shop\/wp-content\/uploads\/Wasserdichtheitstest-2-1200x1292.jpg\" class=\"attachment-woocommerce_thumbnail size-woocommerce_thumbnail\" alt=\"\" decoding=\"async\" loading=\"lazy\" srcset=\"https:\/\/www.rainerbrand.de\/shop\/wp-content\/uploads\/Wasserdichtheitstest-2-1200x1292.jpg 1200w, https:\/\/www.rainerbrand.de\/shop\/wp-content\/uploads\/Wasserdichtheitstest-2-557x600.jpg 557w, https:\/\/www.rainerbrand.de\/shop\/wp-content\/uploads\/Wasserdichtheitstest-2-1486x1600.jpg 1486w, https:\/\/www.rainerbrand.de\/shop\/wp-content\/uploads\/Wasserdichtheitstest-2-768x827.jpg 768w, https:\/\/www.rainerbrand.de\/shop\/wp-content\/uploads\/Wasserdichtheitstest-2-1426x1536.jpg 1426w, https:\/\/www.rainerbrand.de\/shop\/wp-content\/uploads\/Wasserdichtheitstest-2.jpg 1600w\" sizes=\"(max-width: 1200px) 100vw, 1200px\" \/>\t\t\t\t\t\t\t\t\t<\/a>\n\t\t\t\t\t\t\t\t\t\t\t\t\t\t\t\t\t\t \t\t\t\t\t\t\t\t<\/div>\n\t\t\t\t\t\t\t\t<div class=\"image-tools top right show-on-hover\">\n\t\t\t\t\t\t\t\t\t\t\t\t\t\t\t\t\t<\/div>\n\t\t\t\t\t\t\t\t\t\t\t\t\t\t\t\t\t<div class=\"image-tools grid-tools text-center hide-for-small bottom hover-slide-in show-on-hover\">\n\t\t\t\t\t\t\t\t\t\t\t\t\t\t\t\t\t\t\t<\/div>\n\t\t\t\t\t\t\t\t\t\t\t\t\t\t\t\t\t\t\t\t\t\t\t<\/div>\n\n\t\t\t\t\t\t\t<div class=\"box-text text-center\" >\n\t\t\t\t\t\t\t\t<div class=\"title-wrapper\"><\/div><div class=\"price-wrapper\">\n\n\n<\/div>\t\t\t\t\t\t\t<\/div>\n\t\t\t\t\t\t<\/div>\n\t\t\t\t\t\t<\/div>\n\t\t\t\t\t<\/div><div class=\"col\" >\n\t\t\t\t\t\t<div class=\"col-inner\">\n\t\t\t\t\t\t\n<div class=\"badge-container absolute left top z-1\">\n\n<\/div>\n\t\t\t\t\t\t<div class=\"product-small box has-hover box-normal box-text-bottom\">\n\t\t\t\t\t\t\t<div class=\"box-image\" >\n\t\t\t\t\t\t\t\t<div class=\"image-cover\" style=\"padding-top:150%;\">\n\t\t\t\t\t\t\t\t\t<a href=\"https:\/\/www.rainerbrand.de\/shop\/produkte\/zubehoer\/geschenkgutschein\/\" aria-label=\"Geschenkgutschein\">\n\t\t\t\t\t\t\t\t\t\t<img width=\"1200\" height=\"1292\" src=\"https:\/\/www.rainerbrand.de\/shop\/wp-content\/uploads\/Gutschein-3-1200x1292.jpg\" class=\"attachment-woocommerce_thumbnail size-woocommerce_thumbnail\" alt=\"\" decoding=\"async\" loading=\"lazy\" srcset=\"https:\/\/www.rainerbrand.de\/shop\/wp-content\/uploads\/Gutschein-3-1200x1292.jpg 1200w, https:\/\/www.rainerbrand.de\/shop\/wp-content\/uploads\/Gutschein-3-557x600.jpg 557w, https:\/\/www.rainerbrand.de\/shop\/wp-content\/uploads\/Gutschein-3-1486x1600.jpg 1486w, https:\/\/www.rainerbrand.de\/shop\/wp-content\/uploads\/Gutschein-3-768x827.jpg 768w, https:\/\/www.rainerbrand.de\/shop\/wp-content\/uploads\/Gutschein-3-1426x1536.jpg 1426w, https:\/\/www.rainerbrand.de\/shop\/wp-content\/uploads\/Gutschein-3.jpg 1600w\" sizes=\"(max-width: 1200px) 100vw, 1200px\" \/>\t\t\t\t\t\t\t\t\t<\/a>\n\t\t\t\t\t\t\t\t\t\t\t\t\t\t\t\t\t\t \t\t\t\t\t\t\t\t<\/div>\n\t\t\t\t\t\t\t\t<div class=\"image-tools top right show-on-hover\">\n\t\t\t\t\t\t\t\t\t\t\t\t\t\t\t\t\t<\/div>\n\t\t\t\t\t\t\t\t\t\t\t\t\t\t\t\t\t<div class=\"image-tools grid-tools text-center hide-for-small bottom hover-slide-in show-on-hover\">\n\t\t\t\t\t\t\t\t\t\t\t\t\t\t\t\t\t\t\t<\/div>\n\t\t\t\t\t\t\t\t\t\t\t\t\t\t\t\t\t\t\t\t\t\t\t<\/div>\n\n\t\t\t\t\t\t\t<div class=\"box-text text-center\" >\n\t\t\t\t\t\t\t\t<div class=\"title-wrapper\"><\/div><div class=\"price-wrapper\">\n\n\n<\/div>\t\t\t\t\t\t\t<\/div>\n\t\t\t\t\t\t<\/div>\n\t\t\t\t\t\t<\/div>\n\t\t\t\t\t<\/div><div class=\"col\" >\n\t\t\t\t\t\t<div class=\"col-inner\">\n\t\t\t\t\t\t\n<div class=\"badge-container absolute left top z-1\">\n\n<\/div>\n\t\t\t\t\t\t<div class=\"product-small box has-hover box-normal box-text-bottom\">\n\t\t\t\t\t\t\t<div class=\"box-image\" >\n\t\t\t\t\t\t\t\t<div class=\"image-cover\" style=\"padding-top:150%;\">\n\t\t\t\t\t\t\t\t\t<a href=\"https:\/\/www.rainerbrand.de\/shop\/produkte\/zubehoer\/gravur-auf-gehaeuseboden\/\" aria-label=\"Gravur auf Geh\u00e4useboden\">\n\t\t\t\t\t\t\t\t\t\t<img width=\"1200\" height=\"1292\" src=\"https:\/\/www.rainerbrand.de\/shop\/wp-content\/uploads\/Gravur-SW-1200x1292.jpg\" class=\"attachment-woocommerce_thumbnail size-woocommerce_thumbnail\" alt=\"\" decoding=\"async\" loading=\"lazy\" srcset=\"https:\/\/www.rainerbrand.de\/shop\/wp-content\/uploads\/Gravur-SW-1200x1292.jpg 1200w, https:\/\/www.rainerbrand.de\/shop\/wp-content\/uploads\/Gravur-SW-557x600.jpg 557w, https:\/\/www.rainerbrand.de\/shop\/wp-content\/uploads\/Gravur-SW-1486x1600.jpg 1486w, https:\/\/www.rainerbrand.de\/shop\/wp-content\/uploads\/Gravur-SW-768x827.jpg 768w, https:\/\/www.rainerbrand.de\/shop\/wp-content\/uploads\/Gravur-SW-1426x1536.jpg 1426w, https:\/\/www.rainerbrand.de\/shop\/wp-content\/uploads\/Gravur-SW.jpg 1600w\" sizes=\"(max-width: 1200px) 100vw, 1200px\" \/>\t\t\t\t\t\t\t\t\t<\/a>\n\t\t\t\t\t\t\t\t\t\t\t\t\t\t\t\t\t\t \t\t\t\t\t\t\t\t<\/div>\n\t\t\t\t\t\t\t\t<div class=\"image-tools top right show-on-hover\">\n\t\t\t\t\t\t\t\t\t\t\t\t\t\t\t\t\t<\/div>\n\t\t\t\t\t\t\t\t\t\t\t\t\t\t\t\t\t<div class=\"image-tools grid-tools text-center hide-for-small bottom hover-slide-in show-on-hover\">\n\t\t\t\t\t\t\t\t\t\t\t\t\t\t\t\t\t\t\t<\/div>\n\t\t\t\t\t\t\t\t\t\t\t\t\t\t\t\t\t\t\t\t\t\t\t<\/div>\n\n\t\t\t\t\t\t\t<div class=\"box-text text-center\" >\n\t\t\t\t\t\t\t\t<div class=\"title-wrapper\"><\/div><div class=\"price-wrapper\">\n\n\n<\/div>\t\t\t\t\t\t\t<\/div>\n\t\t\t\t\t\t<\/div>\n\t\t\t\t\t\t<\/div>\n\t\t\t\t\t<\/div><div class=\"col\" >\n\t\t\t\t\t\t<div class=\"col-inner\">\n\t\t\t\t\t\t\n<div class=\"badge-container absolute left top z-1\">\n\n<\/div>\n\t\t\t\t\t\t<div class=\"product-small box has-hover box-normal box-text-bottom\">\n\t\t\t\t\t\t\t<div class=\"box-image\" >\n\t\t\t\t\t\t\t\t<div class=\"image-cover\" style=\"padding-top:150%;\">\n\t\t\t\t\t\t\t\t\t<a href=\"https:\/\/www.rainerbrand.de\/shop\/produkte\/zubehoer\/uhrenetui-rund\/\" aria-label=\"Uhrenetui rund\">\n\t\t\t\t\t\t\t\t\t\t<img width=\"1200\" height=\"1292\" src=\"https:\/\/www.rainerbrand.de\/shop\/wp-content\/uploads\/Uhrenetui-rund-zoom-1200x1292.jpg\" class=\"show-on-hover absolute fill hide-for-small back-image\" alt=\"\" decoding=\"async\" loading=\"lazy\" srcset=\"https:\/\/www.rainerbrand.de\/shop\/wp-content\/uploads\/Uhrenetui-rund-zoom-1200x1292.jpg 1200w, https:\/\/www.rainerbrand.de\/shop\/wp-content\/uploads\/Uhrenetui-rund-zoom-557x600.jpg 557w, https:\/\/www.rainerbrand.de\/shop\/wp-content\/uploads\/Uhrenetui-rund-zoom-1486x1600.jpg 1486w, https:\/\/www.rainerbrand.de\/shop\/wp-content\/uploads\/Uhrenetui-rund-zoom-768x827.jpg 768w, https:\/\/www.rainerbrand.de\/shop\/wp-content\/uploads\/Uhrenetui-rund-zoom-1426x1536.jpg 1426w, https:\/\/www.rainerbrand.de\/shop\/wp-content\/uploads\/Uhrenetui-rund-zoom.jpg 1600w\" sizes=\"(max-width: 1200px) 100vw, 1200px\" \/><img width=\"1200\" height=\"1292\" src=\"https:\/\/www.rainerbrand.de\/shop\/wp-content\/uploads\/Uhrenetui-rund-1200x1292.jpg\" class=\"attachment-woocommerce_thumbnail size-woocommerce_thumbnail\" alt=\"\" decoding=\"async\" loading=\"lazy\" srcset=\"https:\/\/www.rainerbrand.de\/shop\/wp-content\/uploads\/Uhrenetui-rund-1200x1292.jpg 1200w, https:\/\/www.rainerbrand.de\/shop\/wp-content\/uploads\/Uhrenetui-rund-557x600.jpg 557w, https:\/\/www.rainerbrand.de\/shop\/wp-content\/uploads\/Uhrenetui-rund-1486x1600.jpg 1486w, https:\/\/www.rainerbrand.de\/shop\/wp-content\/uploads\/Uhrenetui-rund-768x827.jpg 768w, https:\/\/www.rainerbrand.de\/shop\/wp-content\/uploads\/Uhrenetui-rund-1426x1536.jpg 1426w, https:\/\/www.rainerbrand.de\/shop\/wp-content\/uploads\/Uhrenetui-rund.jpg 1600w\" sizes=\"(max-width: 1200px) 100vw, 1200px\" \/>\t\t\t\t\t\t\t\t\t<\/a>\n\t\t\t\t\t\t\t\t\t\t\t\t\t\t\t\t\t\t \t\t\t\t\t\t\t\t<\/div>\n\t\t\t\t\t\t\t\t<div class=\"image-tools top right show-on-hover\">\n\t\t\t\t\t\t\t\t\t\t\t\t\t\t\t\t\t<\/div>\n\t\t\t\t\t\t\t\t\t\t\t\t\t\t\t\t\t<div class=\"image-tools grid-tools text-center hide-for-small bottom hover-slide-in show-on-hover\">\n\t\t\t\t\t\t\t\t\t\t\t\t\t\t\t\t\t\t\t<\/div>\n\t\t\t\t\t\t\t\t\t\t\t\t\t\t\t\t\t\t\t\t\t\t\t<\/div>\n\n\t\t\t\t\t\t\t<div class=\"box-text text-center\" >\n\t\t\t\t\t\t\t\t<div class=\"title-wrapper\"><\/div><div class=\"price-wrapper\">\n\n\n<\/div>\t\t\t\t\t\t\t<\/div>\n\t\t\t\t\t\t<\/div>\n\t\t\t\t\t\t<\/div>\n\t\t\t\t\t<\/div><div class=\"col\" >\n\t\t\t\t\t\t<div class=\"col-inner\">\n\t\t\t\t\t\t\n<div class=\"badge-container absolute left top z-1\">\n\n<\/div>\n\t\t\t\t\t\t<div class=\"product-small box has-hover box-normal box-text-bottom\">\n\t\t\t\t\t\t\t<div class=\"box-image\" >\n\t\t\t\t\t\t\t\t<div class=\"image-cover\" style=\"padding-top:150%;\">\n\t\t\t\t\t\t\t\t\t<a href=\"https:\/\/www.rainerbrand.de\/shop\/produkte\/zubehoer\/sonderanfertigung-zifferblatt-nach-kundenwunsch\/\" aria-label=\"Sonderanfertigung: Zifferblatt nach Kundenwunsch\">\n\t\t\t\t\t\t\t\t\t\t<img width=\"1200\" height=\"1292\" src=\"https:\/\/www.rainerbrand.de\/shop\/wp-content\/uploads\/SAF-ZB-Zifferblatt-nach-Kundenwunsch-3-1200x1292.jpg\" class=\"attachment-woocommerce_thumbnail size-woocommerce_thumbnail\" alt=\"\" decoding=\"async\" loading=\"lazy\" srcset=\"https:\/\/www.rainerbrand.de\/shop\/wp-content\/uploads\/SAF-ZB-Zifferblatt-nach-Kundenwunsch-3-1200x1292.jpg 1200w, https:\/\/www.rainerbrand.de\/shop\/wp-content\/uploads\/SAF-ZB-Zifferblatt-nach-Kundenwunsch-3-557x600.jpg 557w, https:\/\/www.rainerbrand.de\/shop\/wp-content\/uploads\/SAF-ZB-Zifferblatt-nach-Kundenwunsch-3-1486x1600.jpg 1486w, https:\/\/www.rainerbrand.de\/shop\/wp-content\/uploads\/SAF-ZB-Zifferblatt-nach-Kundenwunsch-3-768x827.jpg 768w, https:\/\/www.rainerbrand.de\/shop\/wp-content\/uploads\/SAF-ZB-Zifferblatt-nach-Kundenwunsch-3-1426x1536.jpg 1426w, https:\/\/www.rainerbrand.de\/shop\/wp-content\/uploads\/SAF-ZB-Zifferblatt-nach-Kundenwunsch-3.jpg 1600w\" sizes=\"(max-width: 1200px) 100vw, 1200px\" \/>\t\t\t\t\t\t\t\t\t<\/a>\n\t\t\t\t\t\t\t\t\t\t\t\t\t\t\t\t\t\t \t\t\t\t\t\t\t\t<\/div>\n\t\t\t\t\t\t\t\t<div class=\"image-tools top right show-on-hover\">\n\t\t\t\t\t\t\t\t\t\t\t\t\t\t\t\t\t<\/div>\n\t\t\t\t\t\t\t\t\t\t\t\t\t\t\t\t\t<div class=\"image-tools grid-tools text-center hide-for-small bottom hover-slide-in show-on-hover\">\n\t\t\t\t\t\t\t\t\t\t\t\t\t\t\t\t\t\t\t<\/div>\n\t\t\t\t\t\t\t\t\t\t\t\t\t\t\t\t\t\t\t\t\t\t\t<\/div>\n\n\t\t\t\t\t\t\t<div class=\"box-text text-center\" >\n\t\t\t\t\t\t\t\t<div class=\"title-wrapper\"><\/div><div class=\"price-wrapper\">\n\n\n<\/div>\t\t\t\t\t\t\t<\/div>\n\t\t\t\t\t\t<\/div>\n\t\t\t\t\t\t<\/div>\n\t\t\t\t\t<\/div><div class=\"col\" >\n\t\t\t\t\t\t<div class=\"col-inner\">\n\t\t\t\t\t\t\n<div class=\"badge-container absolute left top z-1\">\n\n<\/div>\n\t\t\t\t\t\t<div class=\"product-small box has-hover box-normal box-text-bottom\">\n\t\t\t\t\t\t\t<div class=\"box-image\" >\n\t\t\t\t\t\t\t\t<div class=\"image-cover\" style=\"padding-top:150%;\">\n\t\t\t\t\t\t\t\t\t<a href=\"https:\/\/www.rainerbrand.de\/shop\/produkte\/zubehoer\/faltschliesse-edelstahl\/\" aria-label=\"Faltschlie\u00dfe Edelstahl\">\n\t\t\t\t\t\t\t\t\t\t<img width=\"847\" height=\"847\" src=\"https:\/\/www.rainerbrand.de\/shop\/wp-content\/uploads\/Uhren-Shop-Armband-Faltschliesse-B2-zoom-2.jpg\" class=\"show-on-hover absolute fill hide-for-small back-image\" alt=\"\" decoding=\"async\" loading=\"lazy\" srcset=\"https:\/\/www.rainerbrand.de\/shop\/wp-content\/uploads\/Uhren-Shop-Armband-Faltschliesse-B2-zoom-2.jpg 847w, https:\/\/www.rainerbrand.de\/shop\/wp-content\/uploads\/Uhren-Shop-Armband-Faltschliesse-B2-zoom-2-100x100.jpg 100w, https:\/\/www.rainerbrand.de\/shop\/wp-content\/uploads\/Uhren-Shop-Armband-Faltschliesse-B2-zoom-2-600x600.jpg 600w, https:\/\/www.rainerbrand.de\/shop\/wp-content\/uploads\/Uhren-Shop-Armband-Faltschliesse-B2-zoom-2-250x250.jpg 250w, https:\/\/www.rainerbrand.de\/shop\/wp-content\/uploads\/Uhren-Shop-Armband-Faltschliesse-B2-zoom-2-768x768.jpg 768w, https:\/\/www.rainerbrand.de\/shop\/wp-content\/uploads\/Uhren-Shop-Armband-Faltschliesse-B2-zoom-2-60x60.jpg 60w, https:\/\/www.rainerbrand.de\/shop\/wp-content\/uploads\/Uhren-Shop-Armband-Faltschliesse-B2-zoom-2-90x90.jpg 90w\" sizes=\"(max-width: 847px) 100vw, 847px\" \/><img width=\"847\" height=\"847\" src=\"https:\/\/www.rainerbrand.de\/shop\/wp-content\/uploads\/Uhren-Shop-Armband-Faltschliesse-B2-zoom.jpg\" class=\"attachment-woocommerce_thumbnail size-woocommerce_thumbnail\" alt=\"\" decoding=\"async\" loading=\"lazy\" srcset=\"https:\/\/www.rainerbrand.de\/shop\/wp-content\/uploads\/Uhren-Shop-Armband-Faltschliesse-B2-zoom.jpg 847w, https:\/\/www.rainerbrand.de\/shop\/wp-content\/uploads\/Uhren-Shop-Armband-Faltschliesse-B2-zoom-100x100.jpg 100w, https:\/\/www.rainerbrand.de\/shop\/wp-content\/uploads\/Uhren-Shop-Armband-Faltschliesse-B2-zoom-600x600.jpg 600w, https:\/\/www.rainerbrand.de\/shop\/wp-content\/uploads\/Uhren-Shop-Armband-Faltschliesse-B2-zoom-250x250.jpg 250w, https:\/\/www.rainerbrand.de\/shop\/wp-content\/uploads\/Uhren-Shop-Armband-Faltschliesse-B2-zoom-768x768.jpg 768w\" sizes=\"(max-width: 847px) 100vw, 847px\" \/>\t\t\t\t\t\t\t\t\t<\/a>\n\t\t\t\t\t\t\t\t\t\t\t\t\t\t\t\t\t\t \t\t\t\t\t\t\t\t<\/div>\n\t\t\t\t\t\t\t\t<div class=\"image-tools top right show-on-hover\">\n\t\t\t\t\t\t\t\t\t\t\t\t\t\t\t\t\t<\/div>\n\t\t\t\t\t\t\t\t\t\t\t\t\t\t\t\t\t<div class=\"image-tools grid-tools text-center hide-for-small bottom hover-slide-in show-on-hover\">\n\t\t\t\t\t\t\t\t\t\t\t\t\t\t\t\t\t\t\t<\/div>\n\t\t\t\t\t\t\t\t\t\t\t\t\t\t\t\t\t\t\t\t\t\t\t<\/div>\n\n\t\t\t\t\t\t\t<div class=\"box-text text-center\" >\n\t\t\t\t\t\t\t\t<div class=\"title-wrapper\"><\/div><div class=\"price-wrapper\">\n\n\n<\/div>\t\t\t\t\t\t\t<\/div>\n\t\t\t\t\t\t<\/div>\n\t\t\t\t\t\t<\/div>\n\t\t\t\t\t<\/div><div class=\"col\" >\n\t\t\t\t\t\t<div class=\"col-inner\">\n\t\t\t\t\t\t\n<div class=\"badge-container absolute left top z-1\">\n\n<\/div>\n\t\t\t\t\t\t<div class=\"product-small box has-hover box-normal box-text-bottom\">\n\t\t\t\t\t\t\t<div class=\"box-image\" >\n\t\t\t\t\t\t\t\t<div class=\"image-cover\" style=\"padding-top:150%;\">\n\t\t\t\t\t\t\t\t\t<a href=\"https:\/\/www.rainerbrand.de\/shop\/produkte\/zubehoer\/dornschliesse-edelstahl\/\" aria-label=\"Dornschlie\u00dfe Edelstahl\">\n\t\t\t\t\t\t\t\t\t\t<img width=\"1200\" height=\"1292\" src=\"https:\/\/www.rainerbrand.de\/shop\/wp-content\/uploads\/DS16-Dornschliesse-DS-16mm-2-1200x1292.jpg\" class=\"show-on-hover absolute fill hide-for-small back-image\" alt=\"\" decoding=\"async\" loading=\"lazy\" srcset=\"https:\/\/www.rainerbrand.de\/shop\/wp-content\/uploads\/DS16-Dornschliesse-DS-16mm-2-1200x1292.jpg 1200w, https:\/\/www.rainerbrand.de\/shop\/wp-content\/uploads\/DS16-Dornschliesse-DS-16mm-2-557x600.jpg 557w, https:\/\/www.rainerbrand.de\/shop\/wp-content\/uploads\/DS16-Dornschliesse-DS-16mm-2-1486x1600.jpg 1486w, https:\/\/www.rainerbrand.de\/shop\/wp-content\/uploads\/DS16-Dornschliesse-DS-16mm-2-768x827.jpg 768w, https:\/\/www.rainerbrand.de\/shop\/wp-content\/uploads\/DS16-Dornschliesse-DS-16mm-2-1426x1536.jpg 1426w, https:\/\/www.rainerbrand.de\/shop\/wp-content\/uploads\/DS16-Dornschliesse-DS-16mm-2.jpg 1600w\" sizes=\"(max-width: 1200px) 100vw, 1200px\" \/><img width=\"1200\" height=\"1292\" src=\"https:\/\/www.rainerbrand.de\/shop\/wp-content\/uploads\/DS18-Dornschliesse-DS-18mm-2-1200x1292.jpg\" class=\"attachment-woocommerce_thumbnail size-woocommerce_thumbnail\" alt=\"\" decoding=\"async\" loading=\"lazy\" srcset=\"https:\/\/www.rainerbrand.de\/shop\/wp-content\/uploads\/DS18-Dornschliesse-DS-18mm-2-1200x1292.jpg 1200w, https:\/\/www.rainerbrand.de\/shop\/wp-content\/uploads\/DS18-Dornschliesse-DS-18mm-2-557x600.jpg 557w, https:\/\/www.rainerbrand.de\/shop\/wp-content\/uploads\/DS18-Dornschliesse-DS-18mm-2-1486x1600.jpg 1486w, https:\/\/www.rainerbrand.de\/shop\/wp-content\/uploads\/DS18-Dornschliesse-DS-18mm-2-768x827.jpg 768w, https:\/\/www.rainerbrand.de\/shop\/wp-content\/uploads\/DS18-Dornschliesse-DS-18mm-2-1426x1536.jpg 1426w, https:\/\/www.rainerbrand.de\/shop\/wp-content\/uploads\/DS18-Dornschliesse-DS-18mm-2.jpg 1600w\" sizes=\"(max-width: 1200px) 100vw, 1200px\" \/>\t\t\t\t\t\t\t\t\t<\/a>\n\t\t\t\t\t\t\t\t\t\t\t\t\t\t\t\t\t\t \t\t\t\t\t\t\t\t<\/div>\n\t\t\t\t\t\t\t\t<div class=\"image-tools top right show-on-hover\">\n\t\t\t\t\t\t\t\t\t\t\t\t\t\t\t\t\t<\/div>\n\t\t\t\t\t\t\t\t\t\t\t\t\t\t\t\t\t<div class=\"image-tools grid-tools text-center hide-for-small bottom hover-slide-in show-on-hover\">\n\t\t\t\t\t\t\t\t\t\t\t\t\t\t\t\t\t\t\t<\/div>\n\t\t\t\t\t\t\t\t\t\t\t\t\t\t\t\t\t\t\t\t\t\t\t<\/div>\n\n\t\t\t\t\t\t\t<div class=\"box-text text-center\" >\n\t\t\t\t\t\t\t\t<div class=\"title-wrapper\"><\/div><div class=\"price-wrapper\">\n\n\n<\/div>\t\t\t\t\t\t\t<\/div>\n\t\t\t\t\t\t<\/div>\n\t\t\t\t\t\t<\/div>\n\t\t\t\t\t<\/div><div class=\"col\" >\n\t\t\t\t\t\t<div class=\"col-inner\">\n\t\t\t\t\t\t\n<div class=\"badge-container absolute left top z-1\">\n\n<\/div>\n\t\t\t\t\t\t<div class=\"product-small box has-hover box-normal box-text-bottom\">\n\t\t\t\t\t\t\t<div class=\"box-image\" >\n\t\t\t\t\t\t\t\t<div class=\"image-cover\" style=\"padding-top:150%;\">\n\t\t\t\t\t\t\t\t\t<a href=\"https:\/\/www.rainerbrand.de\/shop\/produkte\/zubehoer\/federstegwerkzeug\/\" aria-label=\"Federstegwerkzeug\">\n\t\t\t\t\t\t\t\t\t\t<img width=\"1200\" height=\"1292\" src=\"https:\/\/www.rainerbrand.de\/shop\/wp-content\/uploads\/Federstegwerkzeug-detail-1200x1292.jpg\" class=\"show-on-hover absolute fill hide-for-small back-image\" alt=\"\" decoding=\"async\" loading=\"lazy\" srcset=\"https:\/\/www.rainerbrand.de\/shop\/wp-content\/uploads\/Federstegwerkzeug-detail-1200x1292.jpg 1200w, https:\/\/www.rainerbrand.de\/shop\/wp-content\/uploads\/Federstegwerkzeug-detail-557x600.jpg 557w, https:\/\/www.rainerbrand.de\/shop\/wp-content\/uploads\/Federstegwerkzeug-detail-1486x1600.jpg 1486w, https:\/\/www.rainerbrand.de\/shop\/wp-content\/uploads\/Federstegwerkzeug-detail-768x827.jpg 768w, https:\/\/www.rainerbrand.de\/shop\/wp-content\/uploads\/Federstegwerkzeug-detail-1426x1536.jpg 1426w, https:\/\/www.rainerbrand.de\/shop\/wp-content\/uploads\/Federstegwerkzeug-detail.jpg 1600w\" sizes=\"(max-width: 1200px) 100vw, 1200px\" \/><img width=\"1200\" height=\"1292\" src=\"https:\/\/www.rainerbrand.de\/shop\/wp-content\/uploads\/Federstegwerkzeug-1200x1292.jpg\" class=\"attachment-woocommerce_thumbnail size-woocommerce_thumbnail\" alt=\"\" decoding=\"async\" loading=\"lazy\" srcset=\"https:\/\/www.rainerbrand.de\/shop\/wp-content\/uploads\/Federstegwerkzeug-1200x1292.jpg 1200w, https:\/\/www.rainerbrand.de\/shop\/wp-content\/uploads\/Federstegwerkzeug-557x600.jpg 557w, https:\/\/www.rainerbrand.de\/shop\/wp-content\/uploads\/Federstegwerkzeug-1486x1600.jpg 1486w, https:\/\/www.rainerbrand.de\/shop\/wp-content\/uploads\/Federstegwerkzeug-768x827.jpg 768w, https:\/\/www.rainerbrand.de\/shop\/wp-content\/uploads\/Federstegwerkzeug-1426x1536.jpg 1426w, https:\/\/www.rainerbrand.de\/shop\/wp-content\/uploads\/Federstegwerkzeug.jpg 1600w\" sizes=\"(max-width: 1200px) 100vw, 1200px\" \/>\t\t\t\t\t\t\t\t\t<\/a>\n\t\t\t\t\t\t\t\t\t\t\t\t\t\t\t\t\t\t \t\t\t\t\t\t\t\t<\/div>\n\t\t\t\t\t\t\t\t<div class=\"image-tools top right show-on-hover\">\n\t\t\t\t\t\t\t\t\t\t\t\t\t\t\t\t\t<\/div>\n\t\t\t\t\t\t\t\t\t\t\t\t\t\t\t\t\t<div class=\"image-tools grid-tools text-center hide-for-small bottom hover-slide-in show-on-hover\">\n\t\t\t\t\t\t\t\t\t\t\t\t\t\t\t\t\t\t\t<\/div>\n\t\t\t\t\t\t\t\t\t\t\t\t\t\t\t\t\t\t\t\t\t\t\t<\/div>\n\n\t\t\t\t\t\t\t<div class=\"box-text text-center\" >\n\t\t\t\t\t\t\t\t<div class=\"title-wrapper\"><\/div><div class=\"price-wrapper\">\n\n\n<\/div>\t\t\t\t\t\t\t<\/div>\n\t\t\t\t\t\t<\/div>\n\t\t\t\t\t\t<\/div>\n\t\t\t\t\t<\/div><div class=\"col\" >\n\t\t\t\t\t\t<div class=\"col-inner\">\n\t\t\t\t\t\t\n<div class=\"badge-container absolute left top z-1\">\n\n<\/div>\n\t\t\t\t\t\t<div class=\"product-small box has-hover box-normal box-text-bottom\">\n\t\t\t\t\t\t\t<div class=\"box-image\" >\n\t\t\t\t\t\t\t\t<div class=\"image-cover\" style=\"padding-top:150%;\">\n\t\t\t\t\t\t\t\t\t<a href=\"https:\/\/www.rainerbrand.de\/shop\/produkte\/zubehoer\/schraubendreher\/\" aria-label=\"Schraubendreher\">\n\t\t\t\t\t\t\t\t\t\t<img width=\"1200\" height=\"1292\" src=\"https:\/\/www.rainerbrand.de\/shop\/wp-content\/uploads\/WSD-Schraubendreher-3-1200x1292.jpg\" class=\"show-on-hover absolute fill hide-for-small back-image\" alt=\"\" decoding=\"async\" loading=\"lazy\" srcset=\"https:\/\/www.rainerbrand.de\/shop\/wp-content\/uploads\/WSD-Schraubendreher-3-1200x1292.jpg 1200w, https:\/\/www.rainerbrand.de\/shop\/wp-content\/uploads\/WSD-Schraubendreher-3-557x600.jpg 557w, https:\/\/www.rainerbrand.de\/shop\/wp-content\/uploads\/WSD-Schraubendreher-3-1486x1600.jpg 1486w, https:\/\/www.rainerbrand.de\/shop\/wp-content\/uploads\/WSD-Schraubendreher-3-768x827.jpg 768w, https:\/\/www.rainerbrand.de\/shop\/wp-content\/uploads\/WSD-Schraubendreher-3-1426x1536.jpg 1426w, https:\/\/www.rainerbrand.de\/shop\/wp-content\/uploads\/WSD-Schraubendreher-3.jpg 1600w\" sizes=\"(max-width: 1200px) 100vw, 1200px\" \/><img width=\"1200\" height=\"1292\" src=\"https:\/\/www.rainerbrand.de\/shop\/wp-content\/uploads\/111n-Schraubendreher-2-1200x1292.jpg\" class=\"attachment-woocommerce_thumbnail size-woocommerce_thumbnail\" alt=\"\" decoding=\"async\" loading=\"lazy\" srcset=\"https:\/\/www.rainerbrand.de\/shop\/wp-content\/uploads\/111n-Schraubendreher-2-1200x1292.jpg 1200w, https:\/\/www.rainerbrand.de\/shop\/wp-content\/uploads\/111n-Schraubendreher-2-557x600.jpg 557w, https:\/\/www.rainerbrand.de\/shop\/wp-content\/uploads\/111n-Schraubendreher-2-1486x1600.jpg 1486w, https:\/\/www.rainerbrand.de\/shop\/wp-content\/uploads\/111n-Schraubendreher-2-768x827.jpg 768w, https:\/\/www.rainerbrand.de\/shop\/wp-content\/uploads\/111n-Schraubendreher-2-1426x1536.jpg 1426w, https:\/\/www.rainerbrand.de\/shop\/wp-content\/uploads\/111n-Schraubendreher-2.jpg 1600w\" sizes=\"(max-width: 1200px) 100vw, 1200px\" \/>\t\t\t\t\t\t\t\t\t<\/a>\n\t\t\t\t\t\t\t\t\t\t\t\t\t\t\t\t\t\t \t\t\t\t\t\t\t\t<\/div>\n\t\t\t\t\t\t\t\t<div class=\"image-tools top right show-on-hover\">\n\t\t\t\t\t\t\t\t\t\t\t\t\t\t\t\t\t<\/div>\n\t\t\t\t\t\t\t\t\t\t\t\t\t\t\t\t\t<div class=\"image-tools grid-tools text-center hide-for-small bottom hover-slide-in show-on-hover\">\n\t\t\t\t\t\t\t\t\t\t\t\t\t\t\t\t\t\t\t<\/div>\n\t\t\t\t\t\t\t\t\t\t\t\t\t\t\t\t\t\t\t\t\t\t\t<\/div>\n\n\t\t\t\t\t\t\t<div class=\"box-text text-center\" >\n\t\t\t\t\t\t\t\t<div class=\"title-wrapper\"><\/div><div class=\"price-wrapper\">\n\n\n<\/div>\t\t\t\t\t\t\t<\/div>\n\t\t\t\t\t\t<\/div>\n\t\t\t\t\t\t<\/div>\n\t\t\t\t\t<\/div><\/div>\n","protected":false},"excerpt":{"rendered":"<p><strong>Form, Funktion. Und Freude.<\/strong><\/p>\n<p>Die richtige Uhr erfreut ihren Tr\u00e4ger bei jedem Blick auf die Zeit und weist ihn als Kenner einer erlesenen Handwerkskunst aus. Denn ein hochwertiger Zeitmesser ist zugleich ein meisterhaft gefertigtes Schmuckst\u00fcck.<\/p>\n<p>Mit Bedacht gew\u00e4hlter Schmuck kann ein sch\u00f6nes Geschenk an sich selbst sein, wie auch eine wunderbare Art, Zuneigung zu einem anderen Menschen auszudr\u00fccken.<\/p>\n<p>Die Abbildung einer Uhr dient hier dem besseren Verst\u00e4ndnis und ist nicht im Lieferumfang enthalten.<\/p>\n","protected":false},"featured_media":1258,"template":"","meta":[],"product_cat":[44],"product_tag":[],"_links":{"self":[{"href":"https:\/\/www.rainerbrand.de\/shop\/wp-json\/wp\/v2\/product\/1022"}],"collection":[{"href":"https:\/\/www.rainerbrand.de\/shop\/wp-json\/wp\/v2\/product"}],"about":[{"href":"https:\/\/www.rainerbrand.de\/shop\/wp-json\/wp\/v2\/types\/product"}],"wp:featuredmedia":[{"embeddable":true,"href":"https:\/\/www.rainerbrand.de\/shop\/wp-json\/wp\/v2\/media\/1258"}],"wp:attachment":[{"href":"https:\/\/www.rainerbrand.de\/shop\/wp-json\/wp\/v2\/media?parent=1022"}],"wp:term":[{"taxonomy":"product_cat","embeddable":true,"href":"https:\/\/www.rainerbrand.de\/shop\/wp-json\/wp\/v2\/product_cat?post=1022"},{"taxonomy":"product_tag","embeddable":true,"href":"https:\/\/www.rainerbrand.de\/shop\/wp-json\/wp\/v2\/product_tag?post=1022"}],"curies":[{"name":"wp","href":"https:\/\/api.w.org\/{rel}","templated":true}]}}